{"id":5,"date":"2016-06-24T15:00:03","date_gmt":"2016-06-24T15:00:03","guid":{"rendered":"http:\/\/bridge58.qodeinteractive.com\/?page_id=5"},"modified":"2026-03-24T17:05:51","modified_gmt":"2026-03-24T17:05:51","slug":"home","status":"publish","type":"page","link":"https:\/\/virilara.com\/","title":{"rendered":"Home"},"content":{"rendered":"<p>[vc_row row_type=&#8221;parallax&#8221; parallax_content_width=&#8221;in_grid&#8221; text_align=&#8221;center&#8221; full_screen_section_height=&#8221;no&#8221; background_image=&#8221;9&#8243;][vc_column offset=&#8221;vc_col-lg-offset-2 vc_col-lg-8 vc_col-md-offset-1 vc_col-md-10&#8243; css=&#8221;.vc_custom_1466781117680{padding-top: 16.9% !important;padding-right: 5% !important;padding-left: 5% !important;}&#8221;][vc_single_image image=&#8221;12&#8243; img_size=&#8221;full&#8221; alignment=&#8221;center&#8221; qode_css_animation=&#8221;&#8221;][vc_row_inner row_type=&#8221;row&#8221; type=&#8221;full_width&#8221; text_align=&#8221;center&#8221; css_animation=&#8221;&#8221;][vc_column_inner css=&#8221;.vc_custom_1466781257646{padding-top: 17.2% !important;}&#8221;][vc_column_text]<\/p>\n<h1>Artista Mexicana<\/h1>\n<p>[\/vc_column_text][vc_empty_space][vc_column_text]Artista del acuarela mexicana con harto orgullo de ser mexicana. Dibujante desde que tengo memoria. Dise\u00f1adora gr\u00e1fica de formaci\u00f3n y profesi\u00f3n. Artista visual con el l\u00e1piz, de veras dibujo lo que quieras, si lo puedo ver, lo puedo dibujar. Devoradora voraz de libros y de hilos de twitter, fan de la fantas\u00eda \u00e9pica, la exploraci\u00f3n espacial y el cabello azul.[\/vc_column_text][vc_empty_space height=&#8221;93px&#8221;][\/vc_column_inner][\/vc_row_inner][\/vc_column][\/vc_row][vc_row css_animation=&#8221;&#8221; row_type=&#8221;row&#8221; use_row_as_full_screen_section=&#8221;no&#8221; type=&#8221;full_width&#8221; angled_section=&#8221;no&#8221; text_align=&#8221;center&#8221; background_image_as_pattern=&#8221;without_pattern&#8221; css=&#8221;.vc_custom_1467198619496{padding-top: 142px !important;padding-bottom: 91px !important;}&#8221;][vc_column][vc_column_text]<\/p>\n<h2>Arte<\/h2>\n<p>[\/vc_column_text][\/vc_column][\/vc_row][vc_row css_animation=&#8221;&#8221; row_type=&#8221;row&#8221; use_row_as_full_screen_section=&#8221;no&#8221; type=&#8221;full_width&#8221; angled_section=&#8221;no&#8221; text_align=&#8221;left&#8221; background_image_as_pattern=&#8221;without_pattern&#8221;][vc_column width=&#8221;1\/6&#8243;][\/vc_column][vc_column width=&#8221;2\/3&#8243;]<div class=\"woocommerce columns-4 \"><ul class=\"products\">\n\t<li class=\"product type-product post-285 status-publish first instock product_cat-prints product_tag-libro-rojo has-post-thumbnail shipping-taxable purchasable product-type-variable\">\n\t\t\n    <div class=\"top-product-section\">\n\n        <a itemprop=\"url\" href=\"https:\/\/virilara.com\/?product=nina-cabello-azul-abraza-libro-rojo\" class=\"product-category\">\n            <span class=\"image-wrapper\">\n            <img loading=\"lazy\" decoding=\"async\" width=\"300\" height=\"300\" src=\"https:\/\/virilara.com\/wp-content\/uploads\/2026\/03\/Destacada-Nina-cabello-azul-abrazando-libro-rojo-2026_Marca-de-Agua-300x300.jpg\" class=\"attachment-woocommerce_thumbnail size-woocommerce_thumbnail\" alt=\"Ni\u00f1a cabello azul abraza libro rojo\" srcset=\"https:\/\/virilara.com\/wp-content\/uploads\/2026\/03\/Destacada-Nina-cabello-azul-abrazando-libro-rojo-2026_Marca-de-Agua-300x300.jpg 300w, https:\/\/virilara.com\/wp-content\/uploads\/2026\/03\/Destacada-Nina-cabello-azul-abrazando-libro-rojo-2026_Marca-de-Agua-100x100.jpg 100w, https:\/\/virilara.com\/wp-content\/uploads\/2026\/03\/Destacada-Nina-cabello-azul-abrazando-libro-rojo-2026_Marca-de-Agua-150x150.jpg 150w, https:\/\/virilara.com\/wp-content\/uploads\/2026\/03\/Destacada-Nina-cabello-azul-abrazando-libro-rojo-2026_Marca-de-Agua-500x500.jpg 500w\" sizes=\"auto, (max-width: 300px) 100vw, 300px\" \/>            <\/span>\n        <\/a>\n\n\t\t<span class=\"add-to-cart-button-outer\"><span class=\"add-to-cart-button-inner\"><a href=\"https:\/\/virilara.com\/?product=nina-cabello-azul-abraza-libro-rojo\" data-quantity=\"1\" class=\"button product_type_variable add_to_cart_button qbutton add-to-cart-button\" data-product_id=\"285\" data-product_sku=\"LRojo26001\" aria-label=\"Select options for &ldquo;Ni\u00f1a cabello azul abraza libro rojo&rdquo;\" rel=\"nofollow\">Select options<\/a><\/span><\/span>\n    <\/div>\n        <a itemprop=\"url\" href=\"https:\/\/virilara.com\/?product=nina-cabello-azul-abraza-libro-rojo\" class=\"product-category product-info\">\n        <h6 itemprop=\"name\">Ni\u00f1a cabello azul abraza libro rojo<\/h6>\n\n        \n        \n\t<span class=\"price\"><span class=\"woocommerce-Price-amount amount\" aria-hidden=\"true\"><bdi><span class=\"woocommerce-Price-currencySymbol\">&#36;<\/span>3.00<\/bdi><\/span> <span aria-hidden=\"true\">&ndash;<\/span> <span class=\"woocommerce-Price-amount amount\" aria-hidden=\"true\"><bdi><span class=\"woocommerce-Price-currencySymbol\">&#36;<\/span>9.00<\/bdi><\/span><span class=\"screen-reader-text\">Price range: &#36;3.00 through &#36;9.00<\/span><\/span>\n    <\/a>\n\n    \n<\/li><\/ul>\n<\/div>[\/vc_column][vc_column width=&#8221;1\/6&#8243;][\/vc_column][\/vc_row]<\/p>\n","protected":false},"excerpt":{"rendered":"<p>[vc_row row_type=&#8221;parallax&#8221; parallax_content_width=&#8221;in_grid&#8221; text_align=&#8221;center&#8221; full_screen_section_height=&#8221;no&#8221; background_image=&#8221;9&#8243;][vc_column offset=&#8221;vc_col-lg-offset-2 vc_col-lg-8 vc_col-md-offset-1 vc_col-md-10&#8243; css=&#8221;.vc_custom_1466781117680{padding-top: 16.9% !important;padding-right: 5% !important;padding-left: 5% !important;}&#8221;][vc_single_image image=&#8221;12&#8243; img_size=&#8221;full&#8221; alignment=&#8221;center&#8221; qode_css_animation=&#8221;&#8221;][vc_row_inner row_type=&#8221;row&#8221; type=&#8221;full_width&#8221; text_align=&#8221;center&#8221; css_animation=&#8221;&#8221;][vc_column_inner css=&#8221;.vc_custom_1466781257646{padding-top: 17.2% !important;}&#8221;][vc_column_text] Artista Mexicana [\/vc_column_text][vc_empty_space][vc_column_text]Artista del acuarela mexicana con harto orgullo de ser mexicana. Dibujante desde que tengo memoria. Dise\u00f1adora gr\u00e1fica de formaci\u00f3n y profesi\u00f3n. Artista visual con el&#8230;<\/p>\n","protected":false},"author":1,"featured_media":0,"parent":0,"menu_order":0,"comment_status":"closed","ping_status":"closed","template":"full_width.php","meta":{"footnotes":""},"class_list":["post-5","page","type-page","status-publish","hentry"],"yoast_head":"<!-- This site is optimized with the Yoast SEO plugin v27.2 - https:\/\/yoast.com\/product\/yoast-seo-wordpress\/ -->\n<title>Home - Viri Lara Prints Imprimibles<\/title>\n<meta name=\"robots\" content=\"index, follow, max-snippet:-1, max-image-preview:large, max-video-preview:-1\" \/>\n<link rel=\"canonical\" href=\"https:\/\/virilara.com\/\" \/>\n<meta property=\"og:locale\" content=\"en_US\" \/>\n<meta property=\"og:type\" content=\"article\" \/>\n<meta property=\"og:title\" content=\"Home - Viri Lara Prints Imprimibles\" \/>\n<meta property=\"og:description\" content=\"[vc_row row_type=&#8221;parallax&#8221; parallax_content_width=&#8221;in_grid&#8221; text_align=&#8221;center&#8221; full_screen_section_height=&#8221;no&#8221; background_image=&#8221;9&#8243;][vc_column offset=&#8221;vc_col-lg-offset-2 vc_col-lg-8 vc_col-md-offset-1 vc_col-md-10&#8243; css=&#8221;.vc_custom_1466781117680{padding-top: 16.9% !important;padding-right: 5% !important;padding-left: 5% !important;}&#8221;][vc_single_image image=&#8221;12&#8243; img_size=&#8221;full&#8221; alignment=&#8221;center&#8221; qode_css_animation=&#8221;&#8221;][vc_row_inner row_type=&#8221;row&#8221; type=&#8221;full_width&#8221; text_align=&#8221;center&#8221; css_animation=&#8221;&#8221;][vc_column_inner css=&#8221;.vc_custom_1466781257646{padding-top: 17.2% !important;}&#8221;][vc_column_text] Artista Mexicana [\/vc_column_text][vc_empty_space][vc_column_text]Artista del acuarela mexicana con harto orgullo de ser mexicana. Dibujante desde que tengo memoria. Dise\u00f1adora gr\u00e1fica de formaci\u00f3n y profesi\u00f3n. Artista visual con el...\" \/>\n<meta property=\"og:url\" content=\"https:\/\/virilara.com\/\" \/>\n<meta property=\"og:site_name\" content=\"Viri Lara Prints Imprimibles\" \/>\n<meta property=\"article:modified_time\" content=\"2026-03-24T17:05:51+00:00\" \/>\n<meta name=\"twitter:card\" content=\"summary_large_image\" \/>\n<meta name=\"twitter:label1\" content=\"Est. reading time\" \/>\n\t<meta name=\"twitter:data1\" content=\"1 minute\" \/>\n<script type=\"application\/ld+json\" class=\"yoast-schema-graph\">{\"@context\":\"https:\/\/schema.org\",\"@graph\":[{\"@type\":\"WebPage\",\"@id\":\"https:\/\/virilara.com\/\",\"url\":\"https:\/\/virilara.com\/\",\"name\":\"Home - Viri Lara Prints Imprimibles\",\"isPartOf\":{\"@id\":\"https:\/\/virilara.com\/#website\"},\"datePublished\":\"2016-06-24T15:00:03+00:00\",\"dateModified\":\"2026-03-24T17:05:51+00:00\",\"breadcrumb\":{\"@id\":\"https:\/\/virilara.com\/#breadcrumb\"},\"inLanguage\":\"en-US\",\"potentialAction\":[{\"@type\":\"ReadAction\",\"target\":[\"https:\/\/virilara.com\/\"]}]},{\"@type\":\"BreadcrumbList\",\"@id\":\"https:\/\/virilara.com\/#breadcrumb\",\"itemListElement\":[{\"@type\":\"ListItem\",\"position\":1,\"name\":\"Inicio\",\"item\":\"https:\/\/virilara.com\/\"},{\"@type\":\"ListItem\",\"position\":2,\"name\":\"Home\"}]},{\"@type\":\"WebSite\",\"@id\":\"https:\/\/virilara.com\/#website\",\"url\":\"https:\/\/virilara.com\/\",\"name\":\"Viri Lara Artista del Acuarela\",\"description\":\"Prints de Arte en Acuarela de Viri Lara\",\"potentialAction\":[{\"@type\":\"SearchAction\",\"target\":{\"@type\":\"EntryPoint\",\"urlTemplate\":\"https:\/\/virilara.com\/?s={search_term_string}\"},\"query-input\":{\"@type\":\"PropertyValueSpecification\",\"valueRequired\":true,\"valueName\":\"search_term_string\"}}],\"inLanguage\":\"en-US\"}]}<\/script>\n<!-- \/ Yoast SEO plugin. -->","yoast_head_json":{"title":"Home - Viri Lara Prints Imprimibles","robots":{"index":"index","follow":"follow","max-snippet":"max-snippet:-1","max-image-preview":"max-image-preview:large","max-video-preview":"max-video-preview:-1"},"canonical":"https:\/\/virilara.com\/","og_locale":"en_US","og_type":"article","og_title":"Home - Viri Lara Prints Imprimibles","og_description":"[vc_row row_type=&#8221;parallax&#8221; parallax_content_width=&#8221;in_grid&#8221; text_align=&#8221;center&#8221; full_screen_section_height=&#8221;no&#8221; background_image=&#8221;9&#8243;][vc_column offset=&#8221;vc_col-lg-offset-2 vc_col-lg-8 vc_col-md-offset-1 vc_col-md-10&#8243; css=&#8221;.vc_custom_1466781117680{padding-top: 16.9% !important;padding-right: 5% !important;padding-left: 5% !important;}&#8221;][vc_single_image image=&#8221;12&#8243; img_size=&#8221;full&#8221; alignment=&#8221;center&#8221; qode_css_animation=&#8221;&#8221;][vc_row_inner row_type=&#8221;row&#8221; type=&#8221;full_width&#8221; text_align=&#8221;center&#8221; css_animation=&#8221;&#8221;][vc_column_inner css=&#8221;.vc_custom_1466781257646{padding-top: 17.2% !important;}&#8221;][vc_column_text] Artista Mexicana [\/vc_column_text][vc_empty_space][vc_column_text]Artista del acuarela mexicana con harto orgullo de ser mexicana. Dibujante desde que tengo memoria. Dise\u00f1adora gr\u00e1fica de formaci\u00f3n y profesi\u00f3n. Artista visual con el...","og_url":"https:\/\/virilara.com\/","og_site_name":"Viri Lara Prints Imprimibles","article_modified_time":"2026-03-24T17:05:51+00:00","twitter_card":"summary_large_image","twitter_misc":{"Est. reading time":"1 minute"},"schema":{"@context":"https:\/\/schema.org","@graph":[{"@type":"WebPage","@id":"https:\/\/virilara.com\/","url":"https:\/\/virilara.com\/","name":"Home - Viri Lara Prints Imprimibles","isPartOf":{"@id":"https:\/\/virilara.com\/#website"},"datePublished":"2016-06-24T15:00:03+00:00","dateModified":"2026-03-24T17:05:51+00:00","breadcrumb":{"@id":"https:\/\/virilara.com\/#breadcrumb"},"inLanguage":"en-US","potentialAction":[{"@type":"ReadAction","target":["https:\/\/virilara.com\/"]}]},{"@type":"BreadcrumbList","@id":"https:\/\/virilara.com\/#breadcrumb","itemListElement":[{"@type":"ListItem","position":1,"name":"Inicio","item":"https:\/\/virilara.com\/"},{"@type":"ListItem","position":2,"name":"Home"}]},{"@type":"WebSite","@id":"https:\/\/virilara.com\/#website","url":"https:\/\/virilara.com\/","name":"Viri Lara Artista del Acuarela","description":"Prints de Arte en Acuarela de Viri Lara","potentialAction":[{"@type":"SearchAction","target":{"@type":"EntryPoint","urlTemplate":"https:\/\/virilara.com\/?s={search_term_string}"},"query-input":{"@type":"PropertyValueSpecification","valueRequired":true,"valueName":"search_term_string"}}],"inLanguage":"en-US"}]}},"_links":{"self":[{"href":"https:\/\/virilara.com\/index.php?rest_route=\/wp\/v2\/pages\/5","targetHints":{"allow":["GET"]}}],"collection":[{"href":"https:\/\/virilara.com\/index.php?rest_route=\/wp\/v2\/pages"}],"about":[{"href":"https:\/\/virilara.com\/index.php?rest_route=\/wp\/v2\/types\/page"}],"author":[{"embeddable":true,"href":"https:\/\/virilara.com\/index.php?rest_route=\/wp\/v2\/users\/1"}],"replies":[{"embeddable":true,"href":"https:\/\/virilara.com\/index.php?rest_route=%2Fwp%2Fv2%2Fcomments&post=5"}],"version-history":[{"count":11,"href":"https:\/\/virilara.com\/index.php?rest_route=\/wp\/v2\/pages\/5\/revisions"}],"predecessor-version":[{"id":239,"href":"https:\/\/virilara.com\/index.php?rest_route=\/wp\/v2\/pages\/5\/revisions\/239"}],"wp:attachment":[{"href":"https:\/\/virilara.com\/index.php?rest_route=%2Fwp%2Fv2%2Fmedia&parent=5"}],"curies":[{"name":"wp","href":"https:\/\/api.w.org\/{rel}","templated":true}]}}